{"id":17,"date":"2014-10-30T18:29:21","date_gmt":"2014-10-30T16:29:21","guid":{"rendered":"http:\/\/reiterschaenke.com\/?page_id=17"},"modified":"2024-09-26T09:14:21","modified_gmt":"2024-09-26T07:14:21","slug":"kontakt-2","status":"publish","type":"page","link":"http:\/\/reiterschaenke.com\/?page_id=17","title":{"rendered":"kontakt"},"content":{"rendered":"<p><strong>Restaurant Reitersch\u00e4nke<\/strong><br \/>\nTriebweg 207<br \/>\n63263 Neu Isenburg<\/p>\n<p>Kontakt und Reservierung unter +49 (0) 6102 &#8211; 385 46<br \/>\nkontakt@reiterschaenke.com<br \/>\nwww.reiterschaenke.com<\/p>\n<p><strong>\u00d6ffnungszeiten<\/strong><\/p>\n<p>Dienstag bis Freitag von 17:30 Uhr &#8211; 22:30 Uhr<\/p>\n<p>Samstag von 12:00 Uhr &#8211; 14:30 Uhr und 17:30 Uhr &#8211; 22:30 Uhr<br \/>\nSonntag von 11:30 &#8211; 21:00 Uhr<br \/>\nMontag ist Ruhetag.<\/p>\n<p>Veranstaltungen nach Absprache auch au\u00dferhalb der \u00d6ffnungszeiten m\u00f6glich.<\/p>\n","protected":false},"excerpt":{"rendered":"<p>Restaurant Reitersch\u00e4nke Triebweg 207 63263 Neu Isenburg Kontakt und Reservierung unter +49 (0) 6102 &#8211; 385 46 kontakt@reiterschaenke.com www.reiterschaenke.com \u00d6ffnungszeiten Dienstag bis Freitag von 17:30 Uhr &#8211; 22:30 Uhr Samstag von 12:00 Uhr &#8211; 14:30 Uhr und 17:30 Uhr &#8211; 22:30 Uhr Sonntag von 11:30 &#8211; 21:00 Uhr Montag ist Ruhetag. Veranstaltungen nach Absprache auch [&hellip;]<\/p>\n","protected":false},"author":1,"featured_media":0,"parent":0,"menu_order":0,"comment_status":"closed","ping_status":"closed","template":"","meta":{"footnotes":""},"class_list":["post-17","page","type-page","status-publish","hentry"],"_links":{"self":[{"href":"http:\/\/reiterschaenke.com\/index.php?rest_route=\/wp\/v2\/pages\/17","targetHints":{"allow":["GET"]}}],"collection":[{"href":"http:\/\/reiterschaenke.com\/index.php?rest_route=\/wp\/v2\/pages"}],"about":[{"href":"http:\/\/reiterschaenke.com\/index.php?rest_route=\/wp\/v2\/types\/page"}],"author":[{"embeddable":true,"href":"http:\/\/reiterschaenke.com\/index.php?rest_route=\/wp\/v2\/users\/1"}],"replies":[{"embeddable":true,"href":"http:\/\/reiterschaenke.com\/index.php?rest_route=%2Fwp%2Fv2%2Fcomments&post=17"}],"version-history":[{"count":16,"href":"http:\/\/reiterschaenke.com\/index.php?rest_route=\/wp\/v2\/pages\/17\/revisions"}],"predecessor-version":[{"id":386,"href":"http:\/\/reiterschaenke.com\/index.php?rest_route=\/wp\/v2\/pages\/17\/revisions\/386"}],"wp:attachment":[{"href":"http:\/\/reiterschaenke.com\/index.php?rest_route=%2Fwp%2Fv2%2Fmedia&parent=17"}],"curies":[{"name":"wp","href":"https:\/\/api.w.org\/{rel}","templated":true}]}}