{"id":286,"date":"2022-10-31T17:37:07","date_gmt":"2022-10-31T15:37:07","guid":{"rendered":"http:\/\/reiterschaenke.com\/?page_id=286"},"modified":"2022-11-01T14:50:48","modified_gmt":"2022-11-01T12:50:48","slug":"impressum","status":"publish","type":"page","link":"http:\/\/reiterschaenke.com\/?page_id=286","title":{"rendered":"impressum"},"content":{"rendered":"\n<p>Angaben gem\u00e4\u00df \u00a7 5 Telemediengesetz (TMG)<\/p>\n\n\n\n<p><strong>Anschrift<\/strong><br>Triebweg, 63263 Neu-Isenburg<br>Telefon: +49 (0) 6102 &#8211; 385 46<br>kontakt@reiterschaenke.com<\/p>\n\n\n\n<p><strong>Vertretungsberechtigte\/r Inhaber\/in:<\/strong><br>Zarko Vidovic<\/p>\n\n\n\n<p><strong>Rechtsform und Sitz<\/strong><br>Einzelunternehmen <br>Registergericht: Amtsgericht Offenbach am Main\u00a0<\/p>\n\n\n\n<p><strong>\u00a755 Abs. 2 RStV<br><\/strong>Inhaltlich verantwortlich gem\u00e4\u00df \u00a7 55 Abs. 2 RStV ist: Zarko Vidovic<\/p>\n\n\n\n<p><br><\/p>\n\n\n\n<hr class=\"wp-block-separator has-alpha-channel-opacity\"\/>\n\n\n\n<p><strong>Haftungshinweis \/ Disclaimer<br><\/strong>Wir bem\u00fchen uns auf dieser Website richtige und vollst\u00e4ndige Informationen zur Verf\u00fcgung zu stellen. Die Informationen werden auf den einzelnen Webseiten werden dabei st\u00e4ndig gepr\u00fcft und aktualisiert. Trotz aller Sorgfalt k\u00f6nnen sich die Daten inzwischen ver\u00e4ndert haben. Eine Haftung oder Garantie f\u00fcr die Aktualit\u00e4t, Richtigkeit und Vollst\u00e4ndigkeit der zur Verf\u00fcgung gestellten Informationen kann daher nicht \u00fcbernommen werden.\u00a0<br>Mit Urteil vom 12. Mai 1998 &#8211; 312 O 85\/98 &#8211; &#8222;Haftung f\u00fcr Links&#8220; hat das Landgericht (LG) Hamburg entschieden, dass man durch die Anbringung einer Verbindung (&#8222;Link&#8220;), die Inhalte der gelinkten Seite ggf. mit zu verantworten hat. Dies kann &#8211; so das LG &#8211; nur dadurch verhindert werden, dass man sich ausdr\u00fccklich von diesen Inhalten distanziert. <br><br>Hiermit distanzieren wir uns ausdr\u00fccklich von den Inhalten gelinkter Webseiten, die von diesen Webseiten aufrufbar sind, und machen uns diese Inhalte nicht zu eigen. Diese Erkl\u00e4rung gilt f\u00fcr s\u00e4mtliche auf diesen Webseiten angebrachten Links. Die bereitgestellten Informationen auf diesen Webseiten wurden sorgf\u00e4ltig gepr\u00fcft und werden regelm\u00e4\u00dfig aktualisiert. Trotz der angewandten Sorgfalt k\u00f6nnen Daten sich zwischenzeitlich ver\u00e4ndert haben. Daher k\u00f6nnen wir weder eine Gew\u00e4hrleistung noch eine Haftung f\u00fcr die Richtigkeit, Vollst\u00e4ndigkeit oder Aktualit\u00e4t \u00fcbernehmen. Dies gilt insbesondere f\u00fcr die Verbindungen zu fremden Webseiten, auf die direkt oder indirekt verwiesen wird. Alle Angaben k\u00f6nnen ohne vorherige Ank\u00fcndigung erg\u00e4nzt, entfernt oder ge\u00e4ndert werden.<\/p>\n\n\n\n<p><strong>Schutzrechtsverletzung:<br><\/strong>Keine Abmahnung ohne vorherigen Kontakt! Falls Sie vermuten, dass von dieser Website aus eine Ihrer Schutzrechte verletzt wird, teilen Sie das bitte umgehend mit, damit z\u00fcgig Abhilfe geschafft werden kann. Bitte nehmen Sie zur Kenntnis: Die zeitaufw\u00e4ndigere Einschaltung eines Anwaltes zur f\u00fcr den Diensteanbieter kostenpflichtigen Abmahnung entspricht nicht dessen wirklichem oder mutma\u00dflichem Willen. Ohne vorherige Kontaktaufnahme ausgel\u00f6ste Kosten werden vollumf\u00e4nglich zur\u00fcckgewiesen und l\u00f6sen gegebenenfalls eine Gegenklage wegen Verletzung vorgenannter Bestimmungen aus.<\/p>\n\n\n\n<p><strong>Copyright. Alle Rechte vorbehalten.<\/strong><br>Text, Bilder, Grafiken, Sound, Animationen und Videos sowie deren Anordnung auf den Internetseiten unterliegen dem Schutz des Urheberrechts und anderer Schutzgesetze. Sie d\u00fcrfen weder f\u00fcr Handelszwecke oder zur Weitergabe kopiert, noch ver\u00e4ndert und auf anderen Web-Sites, Apps oder anderen digitalen Inhalten (nachfolgend &#8222;Digitale Angebote&#8220;) verwendet werden.<\/p>\n\n\n\n<p>Die Nutzung der im Rahmen des Impressums oder vergleichbarer Angaben ver\u00f6ffentlichten Kontaktdaten wie Postanschriften, Telefon- und Faxnummern sowie Emailadressen durch Dritte zur \u00dcbersendung von nicht ausdr\u00fccklich angeforderten Informationen ist nicht gestattet und wird hiermit ausdr\u00fccklich untersagt. Wir behalten uns rechtliche Schritte im Falle der unverlangten Zusendung von Werbeinformationen, insbesondere gegen die Versender von sogenannten Spam-Mails, vor.<\/p>\n\n\n\n<p>Trotz sorgf\u00e4ltiger inhaltlicher Kontrolle \u00fcbernehmen wir keine Haftung f\u00fcr die Inhalte externer Links. F\u00fcr den Inhalt der verlinkten Seiten sind ausschlie\u00dflich deren Betreiber verantwortlich.<\/p>\n\n\n\n<p><strong>Datenschutz<\/strong><br>Informationen zur Verwendung von Analysediensten, Cookies, \u00fcbermittelten Formulardaten, etc. finden Sie in unserer <a href=\"http:\/\/reiterschaenke.com\/?page_id=156\" data-type=\"page\" data-id=\"156\">Datenschutzerkl\u00e4rung<\/a>.<\/p>\n","protected":false},"excerpt":{"rendered":"<p>Angaben gem\u00e4\u00df \u00a7 5 Telemediengesetz (TMG) AnschriftTriebweg, 63263 Neu-IsenburgTelefon: +49 (0) 6102 &#8211; 385 46kontakt@reiterschaenke.com Vertretungsberechtigte\/r Inhaber\/in:Zarko Vidovic Rechtsform und SitzEinzelunternehmen Registergericht: Amtsgericht Offenbach am Main\u00a0 \u00a755 Abs. 2 RStVInhaltlich verantwortlich gem\u00e4\u00df \u00a7 55 Abs. 2 RStV ist: Zarko Vidovic Haftungshinweis \/ DisclaimerWir bem\u00fchen uns auf dieser Website richtige und vollst\u00e4ndige Informationen zur Verf\u00fcgung zu [&hellip;]<\/p>\n","protected":false},"author":1,"featured_media":0,"parent":0,"menu_order":0,"comment_status":"closed","ping_status":"closed","template":"","meta":{"footnotes":""},"class_list":["post-286","page","type-page","status-publish","hentry"],"_links":{"self":[{"href":"http:\/\/reiterschaenke.com\/index.php?rest_route=\/wp\/v2\/pages\/286","targetHints":{"allow":["GET"]}}],"collection":[{"href":"http:\/\/reiterschaenke.com\/index.php?rest_route=\/wp\/v2\/pages"}],"about":[{"href":"http:\/\/reiterschaenke.com\/index.php?rest_route=\/wp\/v2\/types\/page"}],"author":[{"embeddable":true,"href":"http:\/\/reiterschaenke.com\/index.php?rest_route=\/wp\/v2\/users\/1"}],"replies":[{"embeddable":true,"href":"http:\/\/reiterschaenke.com\/index.php?rest_route=%2Fwp%2Fv2%2Fcomments&post=286"}],"version-history":[{"count":3,"href":"http:\/\/reiterschaenke.com\/index.php?rest_route=\/wp\/v2\/pages\/286\/revisions"}],"predecessor-version":[{"id":302,"href":"http:\/\/reiterschaenke.com\/index.php?rest_route=\/wp\/v2\/pages\/286\/revisions\/302"}],"wp:attachment":[{"href":"http:\/\/reiterschaenke.com\/index.php?rest_route=%2Fwp%2Fv2%2Fmedia&parent=286"}],"curies":[{"name":"wp","href":"https:\/\/api.w.org\/{rel}","templated":true}]}}